{"id":582,"date":"2022-05-04T13:46:01","date_gmt":"2022-05-04T11:46:01","guid":{"rendered":"http:\/\/www.industrielisa.it\/prototyping-department\/"},"modified":"2023-03-01T16:45:27","modified_gmt":"2023-03-01T15:45:27","slug":"prototypy","status":"publish","type":"page","link":"https:\/\/www.industrielisa.it\/pl\/prototypy\/","title":{"rendered":"PROTOTYPY"},"content":{"rendered":"<p>Industrie Lisa oferuje us\u0142ug\u0119 dedykowan\u0105 ma\u0142ym produkcjom i prototypowaniu, kt\u00f3ra jest w stanie szybko dostarczy\u0107 klientowi produkty o wysokich standardach jako\u015bci.<\/p>\n","protected":false},"excerpt":{"rendered":"<p>Industrie Lisa oferuje us\u0142ug\u0119 dedykowan\u0105 ma\u0142ym produkcjom i prototypowaniu, kt\u00f3ra jest w stanie szybko dostarczy\u0107 klientowi produkty o wysokich standardach jako\u015bci.<\/p>\n","protected":false},"author":1,"featured_media":0,"parent":0,"menu_order":0,"comment_status":"closed","ping_status":"closed","template":"sedi-servizi.php","meta":{"_acf_changed":false,"footnotes":""},"class_list":["post-582","page","type-page","status-publish","hentry"],"acf":[],"yoast_head":"<!-- This site is optimized with the Yoast SEO plugin v27.4 - https:\/\/yoast.com\/product\/yoast-seo-wordpress\/ -->\n<title>Prototypowanie blach motoryzacyjnych<\/title>\n<meta name=\"robots\" content=\"index, follow, max-snippet:-1, max-image-preview:large, max-video-preview:-1\" \/>\n<link rel=\"canonical\" href=\"https:\/\/www.industrielisa.it\/prototipia\/\" \/>\n<meta property=\"og:locale\" content=\"pl_PL\" \/>\n<meta property=\"og:type\" content=\"article\" \/>\n<meta property=\"og:title\" content=\"Prototypowanie blach motoryzacyjnych\" \/>\n<meta property=\"og:description\" content=\"Industrie Lisa oferuje us\u0142ug\u0119 dedykowan\u0105 ma\u0142ym produkcjom i prototypowaniu, kt\u00f3ra jest w stanie szybko dostarczy\u0107 klientowi produkty o wysokich standardach jako\u015bci.\" \/>\n<meta property=\"og:url\" content=\"https:\/\/www.industrielisa.it\/prototipia\/\" \/>\n<meta property=\"og:site_name\" content=\"Industrie Lisa srl\" \/>\n<meta property=\"article:modified_time\" content=\"2023-03-01T15:45:27+00:00\" \/>\n<meta property=\"og:image\" content=\"https:\/\/www.industrielisa.it\/wp-content\/uploads\/2023\/03\/immagine-industrie-lisa-scaled.jpg\" \/>\n\t<meta property=\"og:image:width\" content=\"2560\" \/>\n\t<meta property=\"og:image:height\" content=\"1463\" \/>\n\t<meta property=\"og:image:type\" content=\"image\/jpeg\" \/>\n<meta name=\"twitter:card\" content=\"summary_large_image\" \/>\n<script type=\"application\/ld+json\" class=\"yoast-schema-graph\">{\"@context\":\"https:\\\/\\\/schema.org\",\"@graph\":[{\"@type\":\"WebPage\",\"@id\":\"https:\\\/\\\/www.industrielisa.it\\\/prototipia\\\/\",\"url\":\"https:\\\/\\\/www.industrielisa.it\\\/prototipia\\\/\",\"name\":\"Prototypowanie blach motoryzacyjnych\",\"isPartOf\":{\"@id\":\"https:\\\/\\\/www.industrielisa.it\\\/#website\"},\"datePublished\":\"2022-05-04T11:46:01+00:00\",\"dateModified\":\"2023-03-01T15:45:27+00:00\",\"breadcrumb\":{\"@id\":\"https:\\\/\\\/www.industrielisa.it\\\/prototipia\\\/#breadcrumb\"},\"inLanguage\":\"pl-PL\",\"potentialAction\":[{\"@type\":\"ReadAction\",\"target\":[\"https:\\\/\\\/www.industrielisa.it\\\/prototipia\\\/\"]}]},{\"@type\":\"BreadcrumbList\",\"@id\":\"https:\\\/\\\/www.industrielisa.it\\\/prototipia\\\/#breadcrumb\",\"itemListElement\":[{\"@type\":\"ListItem\",\"position\":1,\"name\":\"Home\",\"item\":\"https:\\\/\\\/www.industrielisa.it\\\/pl\\\/\"},{\"@type\":\"ListItem\",\"position\":2,\"name\":\"PROTOTYPY\"}]},{\"@type\":\"WebSite\",\"@id\":\"https:\\\/\\\/www.industrielisa.it\\\/#website\",\"url\":\"https:\\\/\\\/www.industrielisa.it\\\/\",\"name\":\"Industrie Lisa srl\",\"description\":\"Affidabilit\u00e0, sicurezza, passione.\",\"publisher\":{\"@id\":\"https:\\\/\\\/www.industrielisa.it\\\/#organization\"},\"potentialAction\":[{\"@type\":\"SearchAction\",\"target\":{\"@type\":\"EntryPoint\",\"urlTemplate\":\"https:\\\/\\\/www.industrielisa.it\\\/?s={search_term_string}\"},\"query-input\":{\"@type\":\"PropertyValueSpecification\",\"valueRequired\":true,\"valueName\":\"search_term_string\"}}],\"inLanguage\":\"pl-PL\"},{\"@type\":\"Organization\",\"@id\":\"https:\\\/\\\/www.industrielisa.it\\\/#organization\",\"name\":\"Industrie Lisa s.r.l.\",\"alternateName\":\"Industrie Lisa Group\",\"url\":\"https:\\\/\\\/www.industrielisa.it\\\/\",\"logo\":{\"@type\":\"ImageObject\",\"inLanguage\":\"pl-PL\",\"@id\":\"https:\\\/\\\/www.industrielisa.it\\\/#\\\/schema\\\/logo\\\/image\\\/\",\"url\":\"https:\\\/\\\/www.industrielisa.it\\\/wp-content\\\/uploads\\\/2022\\\/12\\\/cropped-industrie-lisa-logo-orizzontale-01-1.png\",\"contentUrl\":\"https:\\\/\\\/www.industrielisa.it\\\/wp-content\\\/uploads\\\/2022\\\/12\\\/cropped-industrie-lisa-logo-orizzontale-01-1.png\",\"width\":704,\"height\":300,\"caption\":\"Industrie Lisa s.r.l.\"},\"image\":{\"@id\":\"https:\\\/\\\/www.industrielisa.it\\\/#\\\/schema\\\/logo\\\/image\\\/\"},\"sameAs\":[\"https:\\\/\\\/www.linkedin.com\\\/company\\\/industrielisa\"]}]}<\/script>\n<!-- \/ Yoast SEO plugin. -->","yoast_head_json":{"title":"Prototypowanie blach motoryzacyjnych","robots":{"index":"index","follow":"follow","max-snippet":"max-snippet:-1","max-image-preview":"max-image-preview:large","max-video-preview":"max-video-preview:-1"},"canonical":"https:\/\/www.industrielisa.it\/prototipia\/","og_locale":"pl_PL","og_type":"article","og_title":"Prototypowanie blach motoryzacyjnych","og_description":"Industrie Lisa oferuje us\u0142ug\u0119 dedykowan\u0105 ma\u0142ym produkcjom i prototypowaniu, kt\u00f3ra jest w stanie szybko dostarczy\u0107 klientowi produkty o wysokich standardach jako\u015bci.","og_url":"https:\/\/www.industrielisa.it\/prototipia\/","og_site_name":"Industrie Lisa srl","article_modified_time":"2023-03-01T15:45:27+00:00","og_image":[{"width":2560,"height":1463,"url":"https:\/\/www.industrielisa.it\/wp-content\/uploads\/2023\/03\/immagine-industrie-lisa-scaled.jpg","type":"image\/jpeg"}],"twitter_card":"summary_large_image","schema":{"@context":"https:\/\/schema.org","@graph":[{"@type":"WebPage","@id":"https:\/\/www.industrielisa.it\/prototipia\/","url":"https:\/\/www.industrielisa.it\/prototipia\/","name":"Prototypowanie blach motoryzacyjnych","isPartOf":{"@id":"https:\/\/www.industrielisa.it\/#website"},"datePublished":"2022-05-04T11:46:01+00:00","dateModified":"2023-03-01T15:45:27+00:00","breadcrumb":{"@id":"https:\/\/www.industrielisa.it\/prototipia\/#breadcrumb"},"inLanguage":"pl-PL","potentialAction":[{"@type":"ReadAction","target":["https:\/\/www.industrielisa.it\/prototipia\/"]}]},{"@type":"BreadcrumbList","@id":"https:\/\/www.industrielisa.it\/prototipia\/#breadcrumb","itemListElement":[{"@type":"ListItem","position":1,"name":"Home","item":"https:\/\/www.industrielisa.it\/pl\/"},{"@type":"ListItem","position":2,"name":"PROTOTYPY"}]},{"@type":"WebSite","@id":"https:\/\/www.industrielisa.it\/#website","url":"https:\/\/www.industrielisa.it\/","name":"Industrie Lisa srl","description":"Affidabilit\u00e0, sicurezza, passione.","publisher":{"@id":"https:\/\/www.industrielisa.it\/#organization"},"potentialAction":[{"@type":"SearchAction","target":{"@type":"EntryPoint","urlTemplate":"https:\/\/www.industrielisa.it\/?s={search_term_string}"},"query-input":{"@type":"PropertyValueSpecification","valueRequired":true,"valueName":"search_term_string"}}],"inLanguage":"pl-PL"},{"@type":"Organization","@id":"https:\/\/www.industrielisa.it\/#organization","name":"Industrie Lisa s.r.l.","alternateName":"Industrie Lisa Group","url":"https:\/\/www.industrielisa.it\/","logo":{"@type":"ImageObject","inLanguage":"pl-PL","@id":"https:\/\/www.industrielisa.it\/#\/schema\/logo\/image\/","url":"https:\/\/www.industrielisa.it\/wp-content\/uploads\/2022\/12\/cropped-industrie-lisa-logo-orizzontale-01-1.png","contentUrl":"https:\/\/www.industrielisa.it\/wp-content\/uploads\/2022\/12\/cropped-industrie-lisa-logo-orizzontale-01-1.png","width":704,"height":300,"caption":"Industrie Lisa s.r.l."},"image":{"@id":"https:\/\/www.industrielisa.it\/#\/schema\/logo\/image\/"},"sameAs":["https:\/\/www.linkedin.com\/company\/industrielisa"]}]}},"_links":{"self":[{"href":"https:\/\/www.industrielisa.it\/pl\/wp-json\/wp\/v2\/pages\/582","targetHints":{"allow":["GET"]}}],"collection":[{"href":"https:\/\/www.industrielisa.it\/pl\/wp-json\/wp\/v2\/pages"}],"about":[{"href":"https:\/\/www.industrielisa.it\/pl\/wp-json\/wp\/v2\/types\/page"}],"author":[{"embeddable":true,"href":"https:\/\/www.industrielisa.it\/pl\/wp-json\/wp\/v2\/users\/1"}],"replies":[{"embeddable":true,"href":"https:\/\/www.industrielisa.it\/pl\/wp-json\/wp\/v2\/comments?post=582"}],"version-history":[{"count":1,"href":"https:\/\/www.industrielisa.it\/pl\/wp-json\/wp\/v2\/pages\/582\/revisions"}],"predecessor-version":[{"id":583,"href":"https:\/\/www.industrielisa.it\/pl\/wp-json\/wp\/v2\/pages\/582\/revisions\/583"}],"wp:attachment":[{"href":"https:\/\/www.industrielisa.it\/pl\/wp-json\/wp\/v2\/media?parent=582"}],"curies":[{"name":"wp","href":"https:\/\/api.w.org\/{rel}","templated":true}]}}