{"id":369,"date":"2023-02-12T16:28:36","date_gmt":"2023-02-12T15:28:36","guid":{"rendered":"http:\/\/www.industrielisa.it\/industrie-lisa-srl\/"},"modified":"2023-09-20T08:01:21","modified_gmt":"2023-09-20T06:01:21","slug":"industrie-lisa-srl","status":"publish","type":"page","link":"https:\/\/www.industrielisa.it\/pl\/industrie-lisa-srl\/","title":{"rendered":"Industrie Lisa srl"},"content":{"rendered":"<p>Znajduj\u0105ca si\u0119 w Caselette, na obrze\u017cach Turynu, sk\u0142ada si\u0119 z nast\u0119puj\u0105cych dzia\u0142\u00f3w:<\/p>\n<ul>\n<li><em><strong>T\u0142oczenie (podstawowa dzia\u0142alno\u015b\u0107 firmy, wyposa\u017cona w prasy do 600t do obr\u00f3bki za pomoc\u0105 t\u0142ocznik\u00f3w manualnych, progresywnych lub transferowych. Obrabiane materia\u0142y to stal, aluminium i stal nierdzewna).<\/strong><\/em><\/li>\n<li><em><strong>Budowa t\u0142locznik\u00f3w<\/strong><\/em><\/li>\n<li><em><strong>Ci\u0119cie laserowe (ci\u0119cie laserowe 3D i 2D)<\/strong><\/em><\/li>\n<li><em><strong>Dzia\u0142 Jako\u015bci<\/strong><\/em><\/li>\n<\/ul>\n","protected":false},"excerpt":{"rendered":"<p>Znajduj\u0105ca si\u0119 w Caselette, na obrze\u017cach Turynu, sk\u0142ada si\u0119 z nast\u0119puj\u0105cych dzia\u0142\u00f3w: T\u0142oczenie (podstawowa dzia\u0142alno\u015b\u0107 firmy, wyposa\u017cona w prasy do 600t do obr\u00f3bki za pomoc\u0105 t\u0142ocznik\u00f3w manualnych, progresywnych lub transferowych. Obrabiane materia\u0142y to stal, aluminium i stal nierdzewna). Budowa t\u0142locznik\u00f3w Ci\u0119cie laserowe (ci\u0119cie laserowe 3D i 2D) Dzia\u0142 Jako\u015bci<\/p>\n","protected":false},"author":1,"featured_media":0,"parent":0,"menu_order":0,"comment_status":"closed","ping_status":"closed","template":"sedi-servizi.php","meta":{"_acf_changed":false,"footnotes":""},"class_list":["post-369","page","type-page","status-publish","hentry"],"acf":[],"yoast_head":"<!-- This site is optimized with the Yoast SEO plugin v27.4 - https:\/\/yoast.com\/product\/yoast-seo-wordpress\/ -->\n<title>Industrie Lisa srl - Industrie Lisa srl<\/title>\n<meta name=\"robots\" content=\"index, follow, max-snippet:-1, max-image-preview:large, max-video-preview:-1\" \/>\n<link rel=\"canonical\" href=\"https:\/\/www.industrielisa.it\/pl\/industrie-lisa-srl\/\" \/>\n<meta property=\"og:locale\" content=\"pl_PL\" \/>\n<meta property=\"og:type\" content=\"article\" \/>\n<meta property=\"og:title\" content=\"Industrie Lisa srl - Industrie Lisa srl\" \/>\n<meta property=\"og:description\" content=\"Znajduj\u0105ca si\u0119 w Caselette, na obrze\u017cach Turynu, sk\u0142ada si\u0119 z nast\u0119puj\u0105cych dzia\u0142\u00f3w: T\u0142oczenie (podstawowa dzia\u0142alno\u015b\u0107 firmy, wyposa\u017cona w prasy do 600t do obr\u00f3bki za pomoc\u0105 t\u0142ocznik\u00f3w manualnych, progresywnych lub transferowych. Obrabiane materia\u0142y to stal, aluminium i stal nierdzewna). Budowa t\u0142locznik\u00f3w Ci\u0119cie laserowe (ci\u0119cie laserowe 3D i 2D) Dzia\u0142 Jako\u015bci\" \/>\n<meta property=\"og:url\" content=\"https:\/\/www.industrielisa.it\/pl\/industrie-lisa-srl\/\" \/>\n<meta property=\"og:site_name\" content=\"Industrie Lisa srl\" \/>\n<meta property=\"article:modified_time\" content=\"2023-09-20T06:01:21+00:00\" \/>\n<meta property=\"og:image\" content=\"https:\/\/www.industrielisa.it\/wp-content\/uploads\/2023\/03\/immagine-industrie-lisa-scaled.jpg\" \/>\n\t<meta property=\"og:image:width\" content=\"2560\" \/>\n\t<meta property=\"og:image:height\" content=\"1463\" \/>\n\t<meta property=\"og:image:type\" content=\"image\/jpeg\" \/>\n<meta name=\"twitter:card\" content=\"summary_large_image\" \/>\n<meta name=\"twitter:label1\" content=\"Szacowany czas czytania\" \/>\n\t<meta name=\"twitter:data1\" content=\"1 minuta\" \/>\n<script type=\"application\/ld+json\" class=\"yoast-schema-graph\">{\"@context\":\"https:\\\/\\\/schema.org\",\"@graph\":[{\"@type\":\"WebPage\",\"@id\":\"https:\\\/\\\/www.industrielisa.it\\\/pl\\\/industrie-lisa-srl\\\/\",\"url\":\"https:\\\/\\\/www.industrielisa.it\\\/pl\\\/industrie-lisa-srl\\\/\",\"name\":\"Industrie Lisa srl - Industrie Lisa srl\",\"isPartOf\":{\"@id\":\"https:\\\/\\\/www.industrielisa.it\\\/#website\"},\"datePublished\":\"2023-02-12T15:28:36+00:00\",\"dateModified\":\"2023-09-20T06:01:21+00:00\",\"breadcrumb\":{\"@id\":\"https:\\\/\\\/www.industrielisa.it\\\/pl\\\/industrie-lisa-srl\\\/#breadcrumb\"},\"inLanguage\":\"pl-PL\",\"potentialAction\":[{\"@type\":\"ReadAction\",\"target\":[\"https:\\\/\\\/www.industrielisa.it\\\/pl\\\/industrie-lisa-srl\\\/\"]}]},{\"@type\":\"BreadcrumbList\",\"@id\":\"https:\\\/\\\/www.industrielisa.it\\\/pl\\\/industrie-lisa-srl\\\/#breadcrumb\",\"itemListElement\":[{\"@type\":\"ListItem\",\"position\":1,\"name\":\"Home\",\"item\":\"https:\\\/\\\/www.industrielisa.it\\\/pl\\\/\"},{\"@type\":\"ListItem\",\"position\":2,\"name\":\"Industrie Lisa srl\"}]},{\"@type\":\"WebSite\",\"@id\":\"https:\\\/\\\/www.industrielisa.it\\\/#website\",\"url\":\"https:\\\/\\\/www.industrielisa.it\\\/\",\"name\":\"Industrie Lisa srl\",\"description\":\"Affidabilit\u00e0, sicurezza, passione.\",\"publisher\":{\"@id\":\"https:\\\/\\\/www.industrielisa.it\\\/#organization\"},\"potentialAction\":[{\"@type\":\"SearchAction\",\"target\":{\"@type\":\"EntryPoint\",\"urlTemplate\":\"https:\\\/\\\/www.industrielisa.it\\\/?s={search_term_string}\"},\"query-input\":{\"@type\":\"PropertyValueSpecification\",\"valueRequired\":true,\"valueName\":\"search_term_string\"}}],\"inLanguage\":\"pl-PL\"},{\"@type\":\"Organization\",\"@id\":\"https:\\\/\\\/www.industrielisa.it\\\/#organization\",\"name\":\"Industrie Lisa s.r.l.\",\"alternateName\":\"Industrie Lisa Group\",\"url\":\"https:\\\/\\\/www.industrielisa.it\\\/\",\"logo\":{\"@type\":\"ImageObject\",\"inLanguage\":\"pl-PL\",\"@id\":\"https:\\\/\\\/www.industrielisa.it\\\/#\\\/schema\\\/logo\\\/image\\\/\",\"url\":\"https:\\\/\\\/www.industrielisa.it\\\/wp-content\\\/uploads\\\/2022\\\/12\\\/cropped-industrie-lisa-logo-orizzontale-01-1.png\",\"contentUrl\":\"https:\\\/\\\/www.industrielisa.it\\\/wp-content\\\/uploads\\\/2022\\\/12\\\/cropped-industrie-lisa-logo-orizzontale-01-1.png\",\"width\":704,\"height\":300,\"caption\":\"Industrie Lisa s.r.l.\"},\"image\":{\"@id\":\"https:\\\/\\\/www.industrielisa.it\\\/#\\\/schema\\\/logo\\\/image\\\/\"},\"sameAs\":[\"https:\\\/\\\/www.linkedin.com\\\/company\\\/industrielisa\"]}]}<\/script>\n<!-- \/ Yoast SEO plugin. -->","yoast_head_json":{"title":"Industrie Lisa srl - Industrie Lisa srl","robots":{"index":"index","follow":"follow","max-snippet":"max-snippet:-1","max-image-preview":"max-image-preview:large","max-video-preview":"max-video-preview:-1"},"canonical":"https:\/\/www.industrielisa.it\/pl\/industrie-lisa-srl\/","og_locale":"pl_PL","og_type":"article","og_title":"Industrie Lisa srl - Industrie Lisa srl","og_description":"Znajduj\u0105ca si\u0119 w Caselette, na obrze\u017cach Turynu, sk\u0142ada si\u0119 z nast\u0119puj\u0105cych dzia\u0142\u00f3w: T\u0142oczenie (podstawowa dzia\u0142alno\u015b\u0107 firmy, wyposa\u017cona w prasy do 600t do obr\u00f3bki za pomoc\u0105 t\u0142ocznik\u00f3w manualnych, progresywnych lub transferowych. Obrabiane materia\u0142y to stal, aluminium i stal nierdzewna). Budowa t\u0142locznik\u00f3w Ci\u0119cie laserowe (ci\u0119cie laserowe 3D i 2D) Dzia\u0142 Jako\u015bci","og_url":"https:\/\/www.industrielisa.it\/pl\/industrie-lisa-srl\/","og_site_name":"Industrie Lisa srl","article_modified_time":"2023-09-20T06:01:21+00:00","og_image":[{"width":2560,"height":1463,"url":"https:\/\/www.industrielisa.it\/wp-content\/uploads\/2023\/03\/immagine-industrie-lisa-scaled.jpg","type":"image\/jpeg"}],"twitter_card":"summary_large_image","twitter_misc":{"Szacowany czas czytania":"1 minuta"},"schema":{"@context":"https:\/\/schema.org","@graph":[{"@type":"WebPage","@id":"https:\/\/www.industrielisa.it\/pl\/industrie-lisa-srl\/","url":"https:\/\/www.industrielisa.it\/pl\/industrie-lisa-srl\/","name":"Industrie Lisa srl - Industrie Lisa srl","isPartOf":{"@id":"https:\/\/www.industrielisa.it\/#website"},"datePublished":"2023-02-12T15:28:36+00:00","dateModified":"2023-09-20T06:01:21+00:00","breadcrumb":{"@id":"https:\/\/www.industrielisa.it\/pl\/industrie-lisa-srl\/#breadcrumb"},"inLanguage":"pl-PL","potentialAction":[{"@type":"ReadAction","target":["https:\/\/www.industrielisa.it\/pl\/industrie-lisa-srl\/"]}]},{"@type":"BreadcrumbList","@id":"https:\/\/www.industrielisa.it\/pl\/industrie-lisa-srl\/#breadcrumb","itemListElement":[{"@type":"ListItem","position":1,"name":"Home","item":"https:\/\/www.industrielisa.it\/pl\/"},{"@type":"ListItem","position":2,"name":"Industrie Lisa srl"}]},{"@type":"WebSite","@id":"https:\/\/www.industrielisa.it\/#website","url":"https:\/\/www.industrielisa.it\/","name":"Industrie Lisa srl","description":"Affidabilit\u00e0, sicurezza, passione.","publisher":{"@id":"https:\/\/www.industrielisa.it\/#organization"},"potentialAction":[{"@type":"SearchAction","target":{"@type":"EntryPoint","urlTemplate":"https:\/\/www.industrielisa.it\/?s={search_term_string}"},"query-input":{"@type":"PropertyValueSpecification","valueRequired":true,"valueName":"search_term_string"}}],"inLanguage":"pl-PL"},{"@type":"Organization","@id":"https:\/\/www.industrielisa.it\/#organization","name":"Industrie Lisa s.r.l.","alternateName":"Industrie Lisa Group","url":"https:\/\/www.industrielisa.it\/","logo":{"@type":"ImageObject","inLanguage":"pl-PL","@id":"https:\/\/www.industrielisa.it\/#\/schema\/logo\/image\/","url":"https:\/\/www.industrielisa.it\/wp-content\/uploads\/2022\/12\/cropped-industrie-lisa-logo-orizzontale-01-1.png","contentUrl":"https:\/\/www.industrielisa.it\/wp-content\/uploads\/2022\/12\/cropped-industrie-lisa-logo-orizzontale-01-1.png","width":704,"height":300,"caption":"Industrie Lisa s.r.l."},"image":{"@id":"https:\/\/www.industrielisa.it\/#\/schema\/logo\/image\/"},"sameAs":["https:\/\/www.linkedin.com\/company\/industrielisa"]}]}},"_links":{"self":[{"href":"https:\/\/www.industrielisa.it\/pl\/wp-json\/wp\/v2\/pages\/369","targetHints":{"allow":["GET"]}}],"collection":[{"href":"https:\/\/www.industrielisa.it\/pl\/wp-json\/wp\/v2\/pages"}],"about":[{"href":"https:\/\/www.industrielisa.it\/pl\/wp-json\/wp\/v2\/types\/page"}],"author":[{"embeddable":true,"href":"https:\/\/www.industrielisa.it\/pl\/wp-json\/wp\/v2\/users\/1"}],"replies":[{"embeddable":true,"href":"https:\/\/www.industrielisa.it\/pl\/wp-json\/wp\/v2\/comments?post=369"}],"version-history":[{"count":5,"href":"https:\/\/www.industrielisa.it\/pl\/wp-json\/wp\/v2\/pages\/369\/revisions"}],"predecessor-version":[{"id":695,"href":"https:\/\/www.industrielisa.it\/pl\/wp-json\/wp\/v2\/pages\/369\/revisions\/695"}],"wp:attachment":[{"href":"https:\/\/www.industrielisa.it\/pl\/wp-json\/wp\/v2\/media?parent=369"}],"curies":[{"name":"wp","href":"https:\/\/api.w.org\/{rel}","templated":true}]}}